{"id":4131,"date":"2022-04-28T17:55:54","date_gmt":"2022-04-28T15:55:54","guid":{"rendered":"https:\/\/www-dev.pvzp.cz\/reseni-skod\/"},"modified":"2025-04-14T14:11:18","modified_gmt":"2025-04-14T12:11:18","slug":"reporting-an-insurance-event","status":"publish","type":"page","link":"https:\/\/www.pvzp.cz\/en\/reporting-an-insurance-event\/","title":{"rendered":"Reporting an Insurance Event"},"content":{"rendered":"","protected":false},"excerpt":{"rendered":"","protected":false},"author":1,"featured_media":8663,"parent":0,"menu_order":0,"comment_status":"closed","ping_status":"closed","template":"template-pages\/damage_resolution.php","meta":{"_acf_changed":false,"footnotes":""},"class_list":["post-4131","page","type-page","status-publish","has-post-thumbnail","hentry"],"acf":[],"yoast_head":"<!-- This site is optimized with the Yoast SEO plugin v26.9 - https:\/\/yoast.com\/product\/yoast-seo-wordpress\/ -->\n<title>Reporting an Insurance Event | PVZP<\/title>\n<meta name=\"robots\" content=\"index, follow, max-snippet:-1, max-image-preview:large, max-video-preview:-1\" \/>\n<link rel=\"canonical\" href=\"https:\/\/www.pvzp.cz\/en\/reporting-an-insurance-event\/\" \/>\n<meta property=\"og:locale\" content=\"en_US\" \/>\n<meta property=\"og:type\" content=\"article\" \/>\n<meta property=\"og:title\" content=\"Reporting an Insurance Event | PVZP\" \/>\n<meta property=\"og:url\" content=\"https:\/\/www.pvzp.cz\/en\/reporting-an-insurance-event\/\" \/>\n<meta property=\"og:site_name\" content=\"PVZP\" \/>\n<meta property=\"article:publisher\" content=\"https:\/\/www.facebook.com\/pojistovnavzp\/\" \/>\n<meta property=\"article:modified_time\" content=\"2025-04-14T12:11:18+00:00\" \/>\n<meta property=\"og:image\" content=\"https:\/\/www.pvzp.cz\/wp-content\/uploads\/2024\/11\/Logo.png\" \/>\n\t<meta property=\"og:image:width\" content=\"2823\" \/>\n\t<meta property=\"og:image:height\" content=\"1000\" \/>\n\t<meta property=\"og:image:type\" content=\"image\/png\" \/>\n<meta name=\"twitter:card\" content=\"summary_large_image\" \/>\n<meta name=\"twitter:label1\" content=\"Est. reading time\" \/>\n\t<meta name=\"twitter:data1\" content=\"1 minute\" \/>\n<script type=\"application\/ld+json\" class=\"yoast-schema-graph\">{\"@context\":\"https:\/\/schema.org\",\"@graph\":[{\"@type\":\"WebPage\",\"@id\":\"https:\/\/www.pvzp.cz\/en\/reporting-an-insurance-event\/\",\"url\":\"https:\/\/www.pvzp.cz\/en\/reporting-an-insurance-event\/\",\"name\":\"Reporting an Insurance Event | PVZP\",\"isPartOf\":{\"@id\":\"https:\/\/www.pvzp.cz\/en\/#website\"},\"primaryImageOfPage\":{\"@id\":\"https:\/\/www.pvzp.cz\/en\/reporting-an-insurance-event\/#primaryimage\"},\"image\":{\"@id\":\"https:\/\/www.pvzp.cz\/en\/reporting-an-insurance-event\/#primaryimage\"},\"thumbnailUrl\":\"https:\/\/www.pvzp.cz\/wp-content\/uploads\/2023\/01\/Hlaseni-skod.svg\",\"datePublished\":\"2022-04-28T15:55:54+00:00\",\"dateModified\":\"2025-04-14T12:11:18+00:00\",\"breadcrumb\":{\"@id\":\"https:\/\/www.pvzp.cz\/en\/reporting-an-insurance-event\/#breadcrumb\"},\"inLanguage\":\"en-US\",\"potentialAction\":[{\"@type\":\"ReadAction\",\"target\":[\"https:\/\/www.pvzp.cz\/en\/reporting-an-insurance-event\/\"]}]},{\"@type\":\"ImageObject\",\"inLanguage\":\"en-US\",\"@id\":\"https:\/\/www.pvzp.cz\/en\/reporting-an-insurance-event\/#primaryimage\",\"url\":\"https:\/\/www.pvzp.cz\/wp-content\/uploads\/2023\/01\/Hlaseni-skod.svg\",\"contentUrl\":\"https:\/\/www.pvzp.cz\/wp-content\/uploads\/2023\/01\/Hlaseni-skod.svg\"},{\"@type\":\"BreadcrumbList\",\"@id\":\"https:\/\/www.pvzp.cz\/en\/reporting-an-insurance-event\/#breadcrumb\",\"itemListElement\":[{\"@type\":\"ListItem\",\"position\":1,\"name\":\"Home\",\"item\":\"https:\/\/www.pvzp.cz\/en\/\"},{\"@type\":\"ListItem\",\"position\":2,\"name\":\"Reporting an Insurance Event\"}]},{\"@type\":\"WebSite\",\"@id\":\"https:\/\/www.pvzp.cz\/en\/#website\",\"url\":\"https:\/\/www.pvzp.cz\/en\/\",\"name\":\"Poji\u0161\u0165ovna VZP\",\"description\":\"PVZP\",\"publisher\":{\"@id\":\"https:\/\/www.pvzp.cz\/en\/#organization\"},\"alternateName\":\"PVZP - ryze \u010desk\u00e1 komer\u010dn\u00ed poji\u0161\u0165ovna\",\"potentialAction\":[{\"@type\":\"SearchAction\",\"target\":{\"@type\":\"EntryPoint\",\"urlTemplate\":\"https:\/\/www.pvzp.cz\/en\/?s={search_term_string}\"},\"query-input\":{\"@type\":\"PropertyValueSpecification\",\"valueRequired\":true,\"valueName\":\"search_term_string\"}}],\"inLanguage\":\"en-US\"},{\"@type\":\"Organization\",\"@id\":\"https:\/\/www.pvzp.cz\/en\/#organization\",\"name\":\"Poji\u0161\u0165ovna VZP, a.s.\",\"alternateName\":\"Poji\u0161\u0165ovna VZP, a. s. \u2013 ryze \u010desk\u00e1 komer\u010dn\u00ed poji\u0161\u0165ovna\",\"url\":\"https:\/\/www.pvzp.cz\/en\/\",\"logo\":{\"@type\":\"ImageObject\",\"inLanguage\":\"en-US\",\"@id\":\"https:\/\/www.pvzp.cz\/en\/#\/schema\/logo\/image\/\",\"url\":\"https:\/\/www.pvzp.cz\/wp-content\/uploads\/2024\/11\/Logo.png\",\"contentUrl\":\"https:\/\/www.pvzp.cz\/wp-content\/uploads\/2024\/11\/Logo.png\",\"width\":2823,\"height\":1000,\"caption\":\"Poji\u0161\u0165ovna VZP, a.s.\"},\"image\":{\"@id\":\"https:\/\/www.pvzp.cz\/en\/#\/schema\/logo\/image\/\"},\"sameAs\":[\"https:\/\/www.facebook.com\/pojistovnavzp\/\"]}]}<\/script>\n<!-- \/ Yoast SEO plugin. -->","yoast_head_json":{"title":"Reporting an Insurance Event | PVZP","robots":{"index":"index","follow":"follow","max-snippet":"max-snippet:-1","max-image-preview":"max-image-preview:large","max-video-preview":"max-video-preview:-1"},"canonical":"https:\/\/www.pvzp.cz\/en\/reporting-an-insurance-event\/","og_locale":"en_US","og_type":"article","og_title":"Reporting an Insurance Event | PVZP","og_url":"https:\/\/www.pvzp.cz\/en\/reporting-an-insurance-event\/","og_site_name":"PVZP","article_publisher":"https:\/\/www.facebook.com\/pojistovnavzp\/","article_modified_time":"2025-04-14T12:11:18+00:00","og_image":[{"width":2823,"height":1000,"url":"https:\/\/www.pvzp.cz\/wp-content\/uploads\/2024\/11\/Logo.png","type":"image\/png"}],"twitter_card":"summary_large_image","twitter_misc":{"Est. reading time":"1 minute"},"schema":{"@context":"https:\/\/schema.org","@graph":[{"@type":"WebPage","@id":"https:\/\/www.pvzp.cz\/en\/reporting-an-insurance-event\/","url":"https:\/\/www.pvzp.cz\/en\/reporting-an-insurance-event\/","name":"Reporting an Insurance Event | PVZP","isPartOf":{"@id":"https:\/\/www.pvzp.cz\/en\/#website"},"primaryImageOfPage":{"@id":"https:\/\/www.pvzp.cz\/en\/reporting-an-insurance-event\/#primaryimage"},"image":{"@id":"https:\/\/www.pvzp.cz\/en\/reporting-an-insurance-event\/#primaryimage"},"thumbnailUrl":"https:\/\/www.pvzp.cz\/wp-content\/uploads\/2023\/01\/Hlaseni-skod.svg","datePublished":"2022-04-28T15:55:54+00:00","dateModified":"2025-04-14T12:11:18+00:00","breadcrumb":{"@id":"https:\/\/www.pvzp.cz\/en\/reporting-an-insurance-event\/#breadcrumb"},"inLanguage":"en-US","potentialAction":[{"@type":"ReadAction","target":["https:\/\/www.pvzp.cz\/en\/reporting-an-insurance-event\/"]}]},{"@type":"ImageObject","inLanguage":"en-US","@id":"https:\/\/www.pvzp.cz\/en\/reporting-an-insurance-event\/#primaryimage","url":"https:\/\/www.pvzp.cz\/wp-content\/uploads\/2023\/01\/Hlaseni-skod.svg","contentUrl":"https:\/\/www.pvzp.cz\/wp-content\/uploads\/2023\/01\/Hlaseni-skod.svg"},{"@type":"BreadcrumbList","@id":"https:\/\/www.pvzp.cz\/en\/reporting-an-insurance-event\/#breadcrumb","itemListElement":[{"@type":"ListItem","position":1,"name":"Home","item":"https:\/\/www.pvzp.cz\/en\/"},{"@type":"ListItem","position":2,"name":"Reporting an Insurance Event"}]},{"@type":"WebSite","@id":"https:\/\/www.pvzp.cz\/en\/#website","url":"https:\/\/www.pvzp.cz\/en\/","name":"Poji\u0161\u0165ovna VZP","description":"PVZP","publisher":{"@id":"https:\/\/www.pvzp.cz\/en\/#organization"},"alternateName":"PVZP - ryze \u010desk\u00e1 komer\u010dn\u00ed poji\u0161\u0165ovna","potentialAction":[{"@type":"SearchAction","target":{"@type":"EntryPoint","urlTemplate":"https:\/\/www.pvzp.cz\/en\/?s={search_term_string}"},"query-input":{"@type":"PropertyValueSpecification","valueRequired":true,"valueName":"search_term_string"}}],"inLanguage":"en-US"},{"@type":"Organization","@id":"https:\/\/www.pvzp.cz\/en\/#organization","name":"Poji\u0161\u0165ovna VZP, a.s.","alternateName":"Poji\u0161\u0165ovna VZP, a. s. \u2013 ryze \u010desk\u00e1 komer\u010dn\u00ed poji\u0161\u0165ovna","url":"https:\/\/www.pvzp.cz\/en\/","logo":{"@type":"ImageObject","inLanguage":"en-US","@id":"https:\/\/www.pvzp.cz\/en\/#\/schema\/logo\/image\/","url":"https:\/\/www.pvzp.cz\/wp-content\/uploads\/2024\/11\/Logo.png","contentUrl":"https:\/\/www.pvzp.cz\/wp-content\/uploads\/2024\/11\/Logo.png","width":2823,"height":1000,"caption":"Poji\u0161\u0165ovna VZP, a.s."},"image":{"@id":"https:\/\/www.pvzp.cz\/en\/#\/schema\/logo\/image\/"},"sameAs":["https:\/\/www.facebook.com\/pojistovnavzp\/"]}]}},"_links":{"self":[{"href":"https:\/\/www.pvzp.cz\/en\/wp-json\/wp\/v2\/pages\/4131","targetHints":{"allow":["GET"]}}],"collection":[{"href":"https:\/\/www.pvzp.cz\/en\/wp-json\/wp\/v2\/pages"}],"about":[{"href":"https:\/\/www.pvzp.cz\/en\/wp-json\/wp\/v2\/types\/page"}],"author":[{"embeddable":true,"href":"https:\/\/www.pvzp.cz\/en\/wp-json\/wp\/v2\/users\/1"}],"replies":[{"embeddable":true,"href":"https:\/\/www.pvzp.cz\/en\/wp-json\/wp\/v2\/comments?post=4131"}],"version-history":[{"count":7,"href":"https:\/\/www.pvzp.cz\/en\/wp-json\/wp\/v2\/pages\/4131\/revisions"}],"predecessor-version":[{"id":26759,"href":"https:\/\/www.pvzp.cz\/en\/wp-json\/wp\/v2\/pages\/4131\/revisions\/26759"}],"wp:featuredmedia":[{"embeddable":true,"href":"https:\/\/www.pvzp.cz\/en\/wp-json\/wp\/v2\/media\/8663"}],"wp:attachment":[{"href":"https:\/\/www.pvzp.cz\/en\/wp-json\/wp\/v2\/media?parent=4131"}],"curies":[{"name":"wp","href":"https:\/\/api.w.org\/{rel}","templated":true}]}}