{"id":9216,"date":"2023-01-04T14:57:22","date_gmt":"2023-01-04T13:57:22","guid":{"rendered":"https:\/\/www-dev.pvzp.cz\/?page_id=9216"},"modified":"2024-01-16T10:19:26","modified_gmt":"2024-01-16T09:19:26","slug":"online-medical-counseling","status":"publish","type":"page","link":"https:\/\/www.pvzp.cz\/en\/online-medical-counseling\/","title":{"rendered":"Online medical counseling"},"content":{"rendered":"","protected":false},"excerpt":{"rendered":"","protected":false},"author":9,"featured_media":5461,"parent":0,"menu_order":0,"comment_status":"closed","ping_status":"closed","template":"","meta":{"_acf_changed":false,"footnotes":""},"class_list":["post-9216","page","type-page","status-publish","has-post-thumbnail","hentry"],"acf":[],"yoast_head":"<!-- This site is optimized with the Yoast SEO plugin v26.9 - https:\/\/yoast.com\/product\/yoast-seo-wordpress\/ -->\n<title>Online medical counseling | PVZP<\/title>\n<meta name=\"robots\" content=\"index, follow, max-snippet:-1, max-image-preview:large, max-video-preview:-1\" \/>\n<link rel=\"canonical\" href=\"https:\/\/www.pvzp.cz\/en\/online-medical-counseling\/\" \/>\n<meta property=\"og:locale\" content=\"en_US\" \/>\n<meta property=\"og:type\" content=\"article\" \/>\n<meta property=\"og:title\" content=\"Online medical counseling | PVZP\" \/>\n<meta property=\"og:url\" content=\"https:\/\/www.pvzp.cz\/en\/online-medical-counseling\/\" \/>\n<meta property=\"og:site_name\" content=\"PVZP\" \/>\n<meta property=\"article:publisher\" content=\"https:\/\/www.facebook.com\/pojistovnavzp\/\" \/>\n<meta property=\"article:modified_time\" content=\"2024-01-16T09:19:26+00:00\" \/>\n<meta property=\"og:image\" content=\"https:\/\/www.pvzp.cz\/wp-content\/uploads\/2024\/11\/Logo.png\" \/>\n\t<meta property=\"og:image:width\" content=\"2823\" \/>\n\t<meta property=\"og:image:height\" content=\"1000\" \/>\n\t<meta property=\"og:image:type\" content=\"image\/png\" \/>\n<meta name=\"twitter:card\" content=\"summary_large_image\" \/>\n<script type=\"application\/ld+json\" class=\"yoast-schema-graph\">{\"@context\":\"https:\/\/schema.org\",\"@graph\":[{\"@type\":\"WebPage\",\"@id\":\"https:\/\/www.pvzp.cz\/en\/online-medical-counseling\/\",\"url\":\"https:\/\/www.pvzp.cz\/en\/online-medical-counseling\/\",\"name\":\"Online medical counseling | PVZP\",\"isPartOf\":{\"@id\":\"https:\/\/www.pvzp.cz\/en\/#website\"},\"primaryImageOfPage\":{\"@id\":\"https:\/\/www.pvzp.cz\/en\/online-medical-counseling\/#primaryimage\"},\"image\":{\"@id\":\"https:\/\/www.pvzp.cz\/en\/online-medical-counseling\/#primaryimage\"},\"thumbnailUrl\":\"https:\/\/www.pvzp.cz\/wp-content\/uploads\/2022\/08\/Pojisteni-profesni-ikonka-V2.svg\",\"datePublished\":\"2023-01-04T13:57:22+00:00\",\"dateModified\":\"2024-01-16T09:19:26+00:00\",\"breadcrumb\":{\"@id\":\"https:\/\/www.pvzp.cz\/en\/online-medical-counseling\/#breadcrumb\"},\"inLanguage\":\"en-US\",\"potentialAction\":[{\"@type\":\"ReadAction\",\"target\":[\"https:\/\/www.pvzp.cz\/en\/online-medical-counseling\/\"]}]},{\"@type\":\"ImageObject\",\"inLanguage\":\"en-US\",\"@id\":\"https:\/\/www.pvzp.cz\/en\/online-medical-counseling\/#primaryimage\",\"url\":\"https:\/\/www.pvzp.cz\/wp-content\/uploads\/2022\/08\/Pojisteni-profesni-ikonka-V2.svg\",\"contentUrl\":\"https:\/\/www.pvzp.cz\/wp-content\/uploads\/2022\/08\/Pojisteni-profesni-ikonka-V2.svg\"},{\"@type\":\"BreadcrumbList\",\"@id\":\"https:\/\/www.pvzp.cz\/en\/online-medical-counseling\/#breadcrumb\",\"itemListElement\":[{\"@type\":\"ListItem\",\"position\":1,\"name\":\"Home\",\"item\":\"https:\/\/www.pvzp.cz\/en\/\"},{\"@type\":\"ListItem\",\"position\":2,\"name\":\"Online medical counseling\"}]},{\"@type\":\"WebSite\",\"@id\":\"https:\/\/www.pvzp.cz\/en\/#website\",\"url\":\"https:\/\/www.pvzp.cz\/en\/\",\"name\":\"Poji\u0161\u0165ovna VZP\",\"description\":\"PVZP\",\"publisher\":{\"@id\":\"https:\/\/www.pvzp.cz\/en\/#organization\"},\"alternateName\":\"PVZP - ryze \u010desk\u00e1 komer\u010dn\u00ed poji\u0161\u0165ovna\",\"potentialAction\":[{\"@type\":\"SearchAction\",\"target\":{\"@type\":\"EntryPoint\",\"urlTemplate\":\"https:\/\/www.pvzp.cz\/en\/?s={search_term_string}\"},\"query-input\":{\"@type\":\"PropertyValueSpecification\",\"valueRequired\":true,\"valueName\":\"search_term_string\"}}],\"inLanguage\":\"en-US\"},{\"@type\":\"Organization\",\"@id\":\"https:\/\/www.pvzp.cz\/en\/#organization\",\"name\":\"Poji\u0161\u0165ovna VZP, a.s.\",\"alternateName\":\"Poji\u0161\u0165ovna VZP, a. s. \u2013 ryze \u010desk\u00e1 komer\u010dn\u00ed poji\u0161\u0165ovna\",\"url\":\"https:\/\/www.pvzp.cz\/en\/\",\"logo\":{\"@type\":\"ImageObject\",\"inLanguage\":\"en-US\",\"@id\":\"https:\/\/www.pvzp.cz\/en\/#\/schema\/logo\/image\/\",\"url\":\"https:\/\/www.pvzp.cz\/wp-content\/uploads\/2024\/11\/Logo.png\",\"contentUrl\":\"https:\/\/www.pvzp.cz\/wp-content\/uploads\/2024\/11\/Logo.png\",\"width\":2823,\"height\":1000,\"caption\":\"Poji\u0161\u0165ovna VZP, a.s.\"},\"image\":{\"@id\":\"https:\/\/www.pvzp.cz\/en\/#\/schema\/logo\/image\/\"},\"sameAs\":[\"https:\/\/www.facebook.com\/pojistovnavzp\/\"]}]}<\/script>\n<!-- \/ Yoast SEO plugin. -->","yoast_head_json":{"title":"Online medical counseling | PVZP","robots":{"index":"index","follow":"follow","max-snippet":"max-snippet:-1","max-image-preview":"max-image-preview:large","max-video-preview":"max-video-preview:-1"},"canonical":"https:\/\/www.pvzp.cz\/en\/online-medical-counseling\/","og_locale":"en_US","og_type":"article","og_title":"Online medical counseling | PVZP","og_url":"https:\/\/www.pvzp.cz\/en\/online-medical-counseling\/","og_site_name":"PVZP","article_publisher":"https:\/\/www.facebook.com\/pojistovnavzp\/","article_modified_time":"2024-01-16T09:19:26+00:00","og_image":[{"width":2823,"height":1000,"url":"https:\/\/www.pvzp.cz\/wp-content\/uploads\/2024\/11\/Logo.png","type":"image\/png"}],"twitter_card":"summary_large_image","schema":{"@context":"https:\/\/schema.org","@graph":[{"@type":"WebPage","@id":"https:\/\/www.pvzp.cz\/en\/online-medical-counseling\/","url":"https:\/\/www.pvzp.cz\/en\/online-medical-counseling\/","name":"Online medical counseling | PVZP","isPartOf":{"@id":"https:\/\/www.pvzp.cz\/en\/#website"},"primaryImageOfPage":{"@id":"https:\/\/www.pvzp.cz\/en\/online-medical-counseling\/#primaryimage"},"image":{"@id":"https:\/\/www.pvzp.cz\/en\/online-medical-counseling\/#primaryimage"},"thumbnailUrl":"https:\/\/www.pvzp.cz\/wp-content\/uploads\/2022\/08\/Pojisteni-profesni-ikonka-V2.svg","datePublished":"2023-01-04T13:57:22+00:00","dateModified":"2024-01-16T09:19:26+00:00","breadcrumb":{"@id":"https:\/\/www.pvzp.cz\/en\/online-medical-counseling\/#breadcrumb"},"inLanguage":"en-US","potentialAction":[{"@type":"ReadAction","target":["https:\/\/www.pvzp.cz\/en\/online-medical-counseling\/"]}]},{"@type":"ImageObject","inLanguage":"en-US","@id":"https:\/\/www.pvzp.cz\/en\/online-medical-counseling\/#primaryimage","url":"https:\/\/www.pvzp.cz\/wp-content\/uploads\/2022\/08\/Pojisteni-profesni-ikonka-V2.svg","contentUrl":"https:\/\/www.pvzp.cz\/wp-content\/uploads\/2022\/08\/Pojisteni-profesni-ikonka-V2.svg"},{"@type":"BreadcrumbList","@id":"https:\/\/www.pvzp.cz\/en\/online-medical-counseling\/#breadcrumb","itemListElement":[{"@type":"ListItem","position":1,"name":"Home","item":"https:\/\/www.pvzp.cz\/en\/"},{"@type":"ListItem","position":2,"name":"Online medical counseling"}]},{"@type":"WebSite","@id":"https:\/\/www.pvzp.cz\/en\/#website","url":"https:\/\/www.pvzp.cz\/en\/","name":"Poji\u0161\u0165ovna VZP","description":"PVZP","publisher":{"@id":"https:\/\/www.pvzp.cz\/en\/#organization"},"alternateName":"PVZP - ryze \u010desk\u00e1 komer\u010dn\u00ed poji\u0161\u0165ovna","potentialAction":[{"@type":"SearchAction","target":{"@type":"EntryPoint","urlTemplate":"https:\/\/www.pvzp.cz\/en\/?s={search_term_string}"},"query-input":{"@type":"PropertyValueSpecification","valueRequired":true,"valueName":"search_term_string"}}],"inLanguage":"en-US"},{"@type":"Organization","@id":"https:\/\/www.pvzp.cz\/en\/#organization","name":"Poji\u0161\u0165ovna VZP, a.s.","alternateName":"Poji\u0161\u0165ovna VZP, a. s. \u2013 ryze \u010desk\u00e1 komer\u010dn\u00ed poji\u0161\u0165ovna","url":"https:\/\/www.pvzp.cz\/en\/","logo":{"@type":"ImageObject","inLanguage":"en-US","@id":"https:\/\/www.pvzp.cz\/en\/#\/schema\/logo\/image\/","url":"https:\/\/www.pvzp.cz\/wp-content\/uploads\/2024\/11\/Logo.png","contentUrl":"https:\/\/www.pvzp.cz\/wp-content\/uploads\/2024\/11\/Logo.png","width":2823,"height":1000,"caption":"Poji\u0161\u0165ovna VZP, a.s."},"image":{"@id":"https:\/\/www.pvzp.cz\/en\/#\/schema\/logo\/image\/"},"sameAs":["https:\/\/www.facebook.com\/pojistovnavzp\/"]}]}},"_links":{"self":[{"href":"https:\/\/www.pvzp.cz\/en\/wp-json\/wp\/v2\/pages\/9216","targetHints":{"allow":["GET"]}}],"collection":[{"href":"https:\/\/www.pvzp.cz\/en\/wp-json\/wp\/v2\/pages"}],"about":[{"href":"https:\/\/www.pvzp.cz\/en\/wp-json\/wp\/v2\/types\/page"}],"author":[{"embeddable":true,"href":"https:\/\/www.pvzp.cz\/en\/wp-json\/wp\/v2\/users\/9"}],"replies":[{"embeddable":true,"href":"https:\/\/www.pvzp.cz\/en\/wp-json\/wp\/v2\/comments?post=9216"}],"version-history":[{"count":8,"href":"https:\/\/www.pvzp.cz\/en\/wp-json\/wp\/v2\/pages\/9216\/revisions"}],"predecessor-version":[{"id":23027,"href":"https:\/\/www.pvzp.cz\/en\/wp-json\/wp\/v2\/pages\/9216\/revisions\/23027"}],"wp:featuredmedia":[{"embeddable":true,"href":"https:\/\/www.pvzp.cz\/en\/wp-json\/wp\/v2\/media\/5461"}],"wp:attachment":[{"href":"https:\/\/www.pvzp.cz\/en\/wp-json\/wp\/v2\/media?parent=9216"}],"curies":[{"name":"wp","href":"https:\/\/api.w.org\/{rel}","templated":true}]}}