{"id":4336,"date":"2022-02-02T14:17:44","date_gmt":"2022-02-02T13:17:44","guid":{"rendered":"https:\/\/www-dev.pvzp.cz\/o-nas\/informace-o-spolecnosti\/"},"modified":"2022-07-21T13:48:35","modified_gmt":"2022-07-21T11:48:35","slug":"informace-o-spolecnosti","status":"publish","type":"page","link":"https:\/\/www.pvzp.cz\/ru\/o-nas\/informace-o-spolecnosti\/","title":{"rendered":"Informace o spole\u010dnosti &#8212; RU"},"content":{"rendered":"","protected":false},"excerpt":{"rendered":"","protected":false},"author":1,"featured_media":5342,"parent":4328,"menu_order":0,"comment_status":"closed","ping_status":"closed","template":"template-pages\/about_info.php","meta":{"_acf_changed":false,"footnotes":""},"class_list":["post-4336","page","type-page","status-publish","has-post-thumbnail","hentry"],"acf":[],"yoast_head":"<!-- This site is optimized with the Yoast SEO plugin v26.9 - https:\/\/yoast.com\/product\/yoast-seo-wordpress\/ -->\n<title>Informace o spole\u010dnosti - RU | PVZP<\/title>\n<meta name=\"robots\" content=\"index, follow, max-snippet:-1, max-image-preview:large, max-video-preview:-1\" \/>\n<link rel=\"canonical\" href=\"https:\/\/www.pvzp.cz\/ru\/o-nas\/informace-o-spolecnosti\/\" \/>\n<meta property=\"og:locale\" content=\"ru_RU\" \/>\n<meta property=\"og:type\" content=\"article\" \/>\n<meta property=\"og:title\" content=\"Informace o spole\u010dnosti - RU | PVZP\" \/>\n<meta property=\"og:url\" content=\"https:\/\/www.pvzp.cz\/ru\/o-nas\/informace-o-spolecnosti\/\" \/>\n<meta property=\"og:site_name\" content=\"PVZP\" \/>\n<meta property=\"article:publisher\" content=\"https:\/\/www.facebook.com\/pojistovnavzp\/\" \/>\n<meta property=\"article:modified_time\" content=\"2022-07-21T11:48:35+00:00\" \/>\n<meta property=\"og:image\" content=\"https:\/\/www.pvzp.cz\/wp-content\/uploads\/2024\/11\/Logo.png\" \/>\n\t<meta property=\"og:image:width\" content=\"2823\" \/>\n\t<meta property=\"og:image:height\" content=\"1000\" \/>\n\t<meta property=\"og:image:type\" content=\"image\/png\" \/>\n<meta name=\"twitter:card\" content=\"summary_large_image\" \/>\n<script type=\"application\/ld+json\" class=\"yoast-schema-graph\">{\"@context\":\"https:\/\/schema.org\",\"@graph\":[{\"@type\":\"WebPage\",\"@id\":\"https:\/\/www.pvzp.cz\/ru\/o-nas\/informace-o-spolecnosti\/\",\"url\":\"https:\/\/www.pvzp.cz\/ru\/o-nas\/informace-o-spolecnosti\/\",\"name\":\"Informace o spole\u010dnosti - RU | PVZP\",\"isPartOf\":{\"@id\":\"https:\/\/www.pvzp.cz\/ru\/#website\"},\"primaryImageOfPage\":{\"@id\":\"https:\/\/www.pvzp.cz\/ru\/o-nas\/informace-o-spolecnosti\/#primaryimage\"},\"image\":{\"@id\":\"https:\/\/www.pvzp.cz\/ru\/o-nas\/informace-o-spolecnosti\/#primaryimage\"},\"thumbnailUrl\":\"https:\/\/www.pvzp.cz\/wp-content\/uploads\/2022\/08\/Informace-o-spolecnosti-ikonka-V2.svg\",\"datePublished\":\"2022-02-02T13:17:44+00:00\",\"dateModified\":\"2022-07-21T11:48:35+00:00\",\"breadcrumb\":{\"@id\":\"https:\/\/www.pvzp.cz\/ru\/o-nas\/informace-o-spolecnosti\/#breadcrumb\"},\"inLanguage\":\"ru-RU\",\"potentialAction\":[{\"@type\":\"ReadAction\",\"target\":[\"https:\/\/www.pvzp.cz\/ru\/o-nas\/informace-o-spolecnosti\/\"]}]},{\"@type\":\"ImageObject\",\"inLanguage\":\"ru-RU\",\"@id\":\"https:\/\/www.pvzp.cz\/ru\/o-nas\/informace-o-spolecnosti\/#primaryimage\",\"url\":\"https:\/\/www.pvzp.cz\/wp-content\/uploads\/2022\/08\/Informace-o-spolecnosti-ikonka-V2.svg\",\"contentUrl\":\"https:\/\/www.pvzp.cz\/wp-content\/uploads\/2022\/08\/Informace-o-spolecnosti-ikonka-V2.svg\",\"caption\":\"Informace o spolecnosti ikonka V2\"},{\"@type\":\"BreadcrumbList\",\"@id\":\"https:\/\/www.pvzp.cz\/ru\/o-nas\/informace-o-spolecnosti\/#breadcrumb\",\"itemListElement\":[{\"@type\":\"ListItem\",\"position\":1,\"name\":\"\u0434\u043e\u043c\",\"item\":\"https:\/\/www.pvzp.cz\/ru\/\"},{\"@type\":\"ListItem\",\"position\":2,\"name\":\"\u041e \u043d\u0430\u0441\",\"item\":\"https:\/\/www.pvzp.cz\/ru\/o-nas\/\"},{\"@type\":\"ListItem\",\"position\":3,\"name\":\"Informace o spole\u010dnosti &#8211; RU\"}]},{\"@type\":\"WebSite\",\"@id\":\"https:\/\/www.pvzp.cz\/ru\/#website\",\"url\":\"https:\/\/www.pvzp.cz\/ru\/\",\"name\":\"Poji\u0161\u0165ovna VZP\",\"description\":\"PVZP\",\"publisher\":{\"@id\":\"https:\/\/www.pvzp.cz\/ru\/#organization\"},\"alternateName\":\"PVZP - ryze \u010desk\u00e1 komer\u010dn\u00ed poji\u0161\u0165ovna\",\"potentialAction\":[{\"@type\":\"SearchAction\",\"target\":{\"@type\":\"EntryPoint\",\"urlTemplate\":\"https:\/\/www.pvzp.cz\/ru\/?s={search_term_string}\"},\"query-input\":{\"@type\":\"PropertyValueSpecification\",\"valueRequired\":true,\"valueName\":\"search_term_string\"}}],\"inLanguage\":\"ru-RU\"},{\"@type\":\"Organization\",\"@id\":\"https:\/\/www.pvzp.cz\/ru\/#organization\",\"name\":\"Poji\u0161\u0165ovna VZP, a.s.\",\"alternateName\":\"Poji\u0161\u0165ovna VZP, a. s. \u2013 ryze \u010desk\u00e1 komer\u010dn\u00ed poji\u0161\u0165ovna\",\"url\":\"https:\/\/www.pvzp.cz\/ru\/\",\"logo\":{\"@type\":\"ImageObject\",\"inLanguage\":\"ru-RU\",\"@id\":\"https:\/\/www.pvzp.cz\/ru\/#\/schema\/logo\/image\/\",\"url\":\"https:\/\/www.pvzp.cz\/wp-content\/uploads\/2024\/11\/Logo.png\",\"contentUrl\":\"https:\/\/www.pvzp.cz\/wp-content\/uploads\/2024\/11\/Logo.png\",\"width\":2823,\"height\":1000,\"caption\":\"Poji\u0161\u0165ovna VZP, a.s.\"},\"image\":{\"@id\":\"https:\/\/www.pvzp.cz\/ru\/#\/schema\/logo\/image\/\"},\"sameAs\":[\"https:\/\/www.facebook.com\/pojistovnavzp\/\"]}]}<\/script>\n<!-- \/ Yoast SEO plugin. -->","yoast_head_json":{"title":"Informace o spole\u010dnosti - RU | PVZP","robots":{"index":"index","follow":"follow","max-snippet":"max-snippet:-1","max-image-preview":"max-image-preview:large","max-video-preview":"max-video-preview:-1"},"canonical":"https:\/\/www.pvzp.cz\/ru\/o-nas\/informace-o-spolecnosti\/","og_locale":"ru_RU","og_type":"article","og_title":"Informace o spole\u010dnosti - RU | PVZP","og_url":"https:\/\/www.pvzp.cz\/ru\/o-nas\/informace-o-spolecnosti\/","og_site_name":"PVZP","article_publisher":"https:\/\/www.facebook.com\/pojistovnavzp\/","article_modified_time":"2022-07-21T11:48:35+00:00","og_image":[{"width":2823,"height":1000,"url":"https:\/\/www.pvzp.cz\/wp-content\/uploads\/2024\/11\/Logo.png","type":"image\/png"}],"twitter_card":"summary_large_image","schema":{"@context":"https:\/\/schema.org","@graph":[{"@type":"WebPage","@id":"https:\/\/www.pvzp.cz\/ru\/o-nas\/informace-o-spolecnosti\/","url":"https:\/\/www.pvzp.cz\/ru\/o-nas\/informace-o-spolecnosti\/","name":"Informace o spole\u010dnosti - RU | PVZP","isPartOf":{"@id":"https:\/\/www.pvzp.cz\/ru\/#website"},"primaryImageOfPage":{"@id":"https:\/\/www.pvzp.cz\/ru\/o-nas\/informace-o-spolecnosti\/#primaryimage"},"image":{"@id":"https:\/\/www.pvzp.cz\/ru\/o-nas\/informace-o-spolecnosti\/#primaryimage"},"thumbnailUrl":"https:\/\/www.pvzp.cz\/wp-content\/uploads\/2022\/08\/Informace-o-spolecnosti-ikonka-V2.svg","datePublished":"2022-02-02T13:17:44+00:00","dateModified":"2022-07-21T11:48:35+00:00","breadcrumb":{"@id":"https:\/\/www.pvzp.cz\/ru\/o-nas\/informace-o-spolecnosti\/#breadcrumb"},"inLanguage":"ru-RU","potentialAction":[{"@type":"ReadAction","target":["https:\/\/www.pvzp.cz\/ru\/o-nas\/informace-o-spolecnosti\/"]}]},{"@type":"ImageObject","inLanguage":"ru-RU","@id":"https:\/\/www.pvzp.cz\/ru\/o-nas\/informace-o-spolecnosti\/#primaryimage","url":"https:\/\/www.pvzp.cz\/wp-content\/uploads\/2022\/08\/Informace-o-spolecnosti-ikonka-V2.svg","contentUrl":"https:\/\/www.pvzp.cz\/wp-content\/uploads\/2022\/08\/Informace-o-spolecnosti-ikonka-V2.svg","caption":"Informace o spolecnosti ikonka V2"},{"@type":"BreadcrumbList","@id":"https:\/\/www.pvzp.cz\/ru\/o-nas\/informace-o-spolecnosti\/#breadcrumb","itemListElement":[{"@type":"ListItem","position":1,"name":"\u0434\u043e\u043c","item":"https:\/\/www.pvzp.cz\/ru\/"},{"@type":"ListItem","position":2,"name":"\u041e \u043d\u0430\u0441","item":"https:\/\/www.pvzp.cz\/ru\/o-nas\/"},{"@type":"ListItem","position":3,"name":"Informace o spole\u010dnosti &#8211; RU"}]},{"@type":"WebSite","@id":"https:\/\/www.pvzp.cz\/ru\/#website","url":"https:\/\/www.pvzp.cz\/ru\/","name":"Poji\u0161\u0165ovna VZP","description":"PVZP","publisher":{"@id":"https:\/\/www.pvzp.cz\/ru\/#organization"},"alternateName":"PVZP - ryze \u010desk\u00e1 komer\u010dn\u00ed poji\u0161\u0165ovna","potentialAction":[{"@type":"SearchAction","target":{"@type":"EntryPoint","urlTemplate":"https:\/\/www.pvzp.cz\/ru\/?s={search_term_string}"},"query-input":{"@type":"PropertyValueSpecification","valueRequired":true,"valueName":"search_term_string"}}],"inLanguage":"ru-RU"},{"@type":"Organization","@id":"https:\/\/www.pvzp.cz\/ru\/#organization","name":"Poji\u0161\u0165ovna VZP, a.s.","alternateName":"Poji\u0161\u0165ovna VZP, a. s. \u2013 ryze \u010desk\u00e1 komer\u010dn\u00ed poji\u0161\u0165ovna","url":"https:\/\/www.pvzp.cz\/ru\/","logo":{"@type":"ImageObject","inLanguage":"ru-RU","@id":"https:\/\/www.pvzp.cz\/ru\/#\/schema\/logo\/image\/","url":"https:\/\/www.pvzp.cz\/wp-content\/uploads\/2024\/11\/Logo.png","contentUrl":"https:\/\/www.pvzp.cz\/wp-content\/uploads\/2024\/11\/Logo.png","width":2823,"height":1000,"caption":"Poji\u0161\u0165ovna VZP, a.s."},"image":{"@id":"https:\/\/www.pvzp.cz\/ru\/#\/schema\/logo\/image\/"},"sameAs":["https:\/\/www.facebook.com\/pojistovnavzp\/"]}]}},"_links":{"self":[{"href":"https:\/\/www.pvzp.cz\/ru\/wp-json\/wp\/v2\/pages\/4336","targetHints":{"allow":["GET"]}}],"collection":[{"href":"https:\/\/www.pvzp.cz\/ru\/wp-json\/wp\/v2\/pages"}],"about":[{"href":"https:\/\/www.pvzp.cz\/ru\/wp-json\/wp\/v2\/types\/page"}],"author":[{"embeddable":true,"href":"https:\/\/www.pvzp.cz\/ru\/wp-json\/wp\/v2\/users\/1"}],"replies":[{"embeddable":true,"href":"https:\/\/www.pvzp.cz\/ru\/wp-json\/wp\/v2\/comments?post=4336"}],"version-history":[{"count":2,"href":"https:\/\/www.pvzp.cz\/ru\/wp-json\/wp\/v2\/pages\/4336\/revisions"}],"predecessor-version":[{"id":4346,"href":"https:\/\/www.pvzp.cz\/ru\/wp-json\/wp\/v2\/pages\/4336\/revisions\/4346"}],"up":[{"embeddable":true,"href":"https:\/\/www.pvzp.cz\/ru\/wp-json\/wp\/v2\/pages\/4328"}],"wp:featuredmedia":[{"embeddable":true,"href":"https:\/\/www.pvzp.cz\/ru\/wp-json\/wp\/v2\/media\/5342"}],"wp:attachment":[{"href":"https:\/\/www.pvzp.cz\/ru\/wp-json\/wp\/v2\/media?parent=4336"}],"curies":[{"name":"wp","href":"https:\/\/api.w.org\/{rel}","templated":true}]}}