{"id":4337,"date":"2022-02-02T07:25:16","date_gmt":"2022-02-02T06:25:16","guid":{"rendered":"https:\/\/www-dev.pvzp.cz\/domovska-stranka\/"},"modified":"2025-07-23T11:08:53","modified_gmt":"2025-07-23T09:08:53","slug":"domovska-stranka","status":"publish","type":"page","link":"https:\/\/www.pvzp.cz\/ru\/","title":{"rendered":"\u0414\u043e\u043c\u0430\u0448\u043d\u044f\u044f \u0441\u0442\u0440\u0430\u043d\u0438\u0446\u0430"},"content":{"rendered":"","protected":false},"excerpt":{"rendered":"","protected":false},"author":1,"featured_media":0,"parent":0,"menu_order":0,"comment_status":"closed","ping_status":"closed","template":"template-pages\/homepage.php","meta":{"_acf_changed":false,"footnotes":""},"class_list":["post-4337","page","type-page","status-publish","hentry"],"acf":[],"yoast_head":"<!-- This site is optimized with the Yoast SEO plugin v26.9 - https:\/\/yoast.com\/product\/yoast-seo-wordpress\/ -->\n<title>PVZP | \u041c\u044b \u0432\u0430\u0441 \u0441\u0442\u0440\u0430\u0445\u0443\u0435\u043c. \u0427\u0442\u043e\u0431\u044b \u0432\u044b \u043e\u0441\u0442\u0430\u0432\u0430\u043b\u0438\u0441\u044c \u0431\u0435\u0441\u0441\u0442\u0440\u0430\u0448\u043d\u044b\u043c\u0438<\/title>\n<meta name=\"robots\" content=\"index, follow, max-snippet:-1, max-image-preview:large, max-video-preview:-1\" \/>\n<link rel=\"canonical\" href=\"https:\/\/www.pvzp.cz\/ru\/\" \/>\n<meta property=\"og:locale\" content=\"ru_RU\" \/>\n<meta property=\"og:type\" content=\"article\" \/>\n<meta property=\"og:title\" content=\"PVZP | \u041c\u044b \u0432\u0430\u0441 \u0441\u0442\u0440\u0430\u0445\u0443\u0435\u043c. \u0427\u0442\u043e\u0431\u044b \u0432\u044b \u043e\u0441\u0442\u0430\u0432\u0430\u043b\u0438\u0441\u044c \u0431\u0435\u0441\u0441\u0442\u0440\u0430\u0448\u043d\u044b\u043c\u0438\" \/>\n<meta property=\"og:url\" content=\"https:\/\/www.pvzp.cz\/ru\/\" \/>\n<meta property=\"og:site_name\" content=\"PVZP\" \/>\n<meta property=\"article:publisher\" content=\"https:\/\/www.facebook.com\/pojistovnavzp\/\" \/>\n<meta property=\"article:modified_time\" content=\"2025-07-23T09:08:53+00:00\" \/>\n<meta property=\"og:image\" content=\"https:\/\/www.pvzp.cz\/wp-content\/uploads\/2024\/11\/Logo.png\" \/>\n\t<meta property=\"og:image:width\" content=\"2823\" \/>\n\t<meta property=\"og:image:height\" content=\"1000\" \/>\n\t<meta property=\"og:image:type\" content=\"image\/png\" \/>\n<meta name=\"twitter:card\" content=\"summary_large_image\" \/>\n<script type=\"application\/ld+json\" class=\"yoast-schema-graph\">{\"@context\":\"https:\/\/schema.org\",\"@graph\":[{\"@type\":\"WebPage\",\"@id\":\"https:\/\/www.pvzp.cz\/ru\/\",\"url\":\"https:\/\/www.pvzp.cz\/ru\/\",\"name\":\"PVZP | \u041c\u044b \u0432\u0430\u0441 \u0441\u0442\u0440\u0430\u0445\u0443\u0435\u043c. \u0427\u0442\u043e\u0431\u044b \u0432\u044b \u043e\u0441\u0442\u0430\u0432\u0430\u043b\u0438\u0441\u044c \u0431\u0435\u0441\u0441\u0442\u0440\u0430\u0448\u043d\u044b\u043c\u0438\",\"isPartOf\":{\"@id\":\"https:\/\/www.pvzp.cz\/ru\/#website\"},\"datePublished\":\"2022-02-02T06:25:16+00:00\",\"dateModified\":\"2025-07-23T09:08:53+00:00\",\"breadcrumb\":{\"@id\":\"https:\/\/www.pvzp.cz\/ru\/#breadcrumb\"},\"inLanguage\":\"ru-RU\",\"potentialAction\":[{\"@type\":\"ReadAction\",\"target\":[\"https:\/\/www.pvzp.cz\/ru\/\"]}]},{\"@type\":\"BreadcrumbList\",\"@id\":\"https:\/\/www.pvzp.cz\/ru\/#breadcrumb\",\"itemListElement\":[{\"@type\":\"ListItem\",\"position\":1,\"name\":\"\u0434\u043e\u043c\",\"item\":\"https:\/\/www.pvzp.cz\/ru\/\"},{\"@type\":\"ListItem\",\"position\":2,\"name\":\"\u0414\u043e\u043c\u0430\u0448\u043d\u044f\u044f \u0441\u0442\u0440\u0430\u043d\u0438\u0446\u0430\"}]},{\"@type\":\"WebSite\",\"@id\":\"https:\/\/www.pvzp.cz\/ru\/#website\",\"url\":\"https:\/\/www.pvzp.cz\/ru\/\",\"name\":\"Poji\u0161\u0165ovna VZP\",\"description\":\"PVZP\",\"publisher\":{\"@id\":\"https:\/\/www.pvzp.cz\/ru\/#organization\"},\"alternateName\":\"PVZP - ryze \u010desk\u00e1 komer\u010dn\u00ed poji\u0161\u0165ovna\",\"potentialAction\":[{\"@type\":\"SearchAction\",\"target\":{\"@type\":\"EntryPoint\",\"urlTemplate\":\"https:\/\/www.pvzp.cz\/ru\/?s={search_term_string}\"},\"query-input\":{\"@type\":\"PropertyValueSpecification\",\"valueRequired\":true,\"valueName\":\"search_term_string\"}}],\"inLanguage\":\"ru-RU\"},{\"@type\":\"Organization\",\"@id\":\"https:\/\/www.pvzp.cz\/ru\/#organization\",\"name\":\"Poji\u0161\u0165ovna VZP, a.s.\",\"alternateName\":\"Poji\u0161\u0165ovna VZP, a. s. \u2013 ryze \u010desk\u00e1 komer\u010dn\u00ed poji\u0161\u0165ovna\",\"url\":\"https:\/\/www.pvzp.cz\/ru\/\",\"logo\":{\"@type\":\"ImageObject\",\"inLanguage\":\"ru-RU\",\"@id\":\"https:\/\/www.pvzp.cz\/ru\/#\/schema\/logo\/image\/\",\"url\":\"https:\/\/www.pvzp.cz\/wp-content\/uploads\/2024\/11\/Logo.png\",\"contentUrl\":\"https:\/\/www.pvzp.cz\/wp-content\/uploads\/2024\/11\/Logo.png\",\"width\":2823,\"height\":1000,\"caption\":\"Poji\u0161\u0165ovna VZP, a.s.\"},\"image\":{\"@id\":\"https:\/\/www.pvzp.cz\/ru\/#\/schema\/logo\/image\/\"},\"sameAs\":[\"https:\/\/www.facebook.com\/pojistovnavzp\/\"]}]}<\/script>\n<!-- \/ Yoast SEO plugin. -->","yoast_head_json":{"title":"PVZP | \u041c\u044b \u0432\u0430\u0441 \u0441\u0442\u0440\u0430\u0445\u0443\u0435\u043c. \u0427\u0442\u043e\u0431\u044b \u0432\u044b \u043e\u0441\u0442\u0430\u0432\u0430\u043b\u0438\u0441\u044c \u0431\u0435\u0441\u0441\u0442\u0440\u0430\u0448\u043d\u044b\u043c\u0438","robots":{"index":"index","follow":"follow","max-snippet":"max-snippet:-1","max-image-preview":"max-image-preview:large","max-video-preview":"max-video-preview:-1"},"canonical":"https:\/\/www.pvzp.cz\/ru\/","og_locale":"ru_RU","og_type":"article","og_title":"PVZP | \u041c\u044b \u0432\u0430\u0441 \u0441\u0442\u0440\u0430\u0445\u0443\u0435\u043c. \u0427\u0442\u043e\u0431\u044b \u0432\u044b \u043e\u0441\u0442\u0430\u0432\u0430\u043b\u0438\u0441\u044c \u0431\u0435\u0441\u0441\u0442\u0440\u0430\u0448\u043d\u044b\u043c\u0438","og_url":"https:\/\/www.pvzp.cz\/ru\/","og_site_name":"PVZP","article_publisher":"https:\/\/www.facebook.com\/pojistovnavzp\/","article_modified_time":"2025-07-23T09:08:53+00:00","og_image":[{"width":2823,"height":1000,"url":"https:\/\/www.pvzp.cz\/wp-content\/uploads\/2024\/11\/Logo.png","type":"image\/png"}],"twitter_card":"summary_large_image","schema":{"@context":"https:\/\/schema.org","@graph":[{"@type":"WebPage","@id":"https:\/\/www.pvzp.cz\/ru\/","url":"https:\/\/www.pvzp.cz\/ru\/","name":"PVZP | \u041c\u044b \u0432\u0430\u0441 \u0441\u0442\u0440\u0430\u0445\u0443\u0435\u043c. \u0427\u0442\u043e\u0431\u044b \u0432\u044b \u043e\u0441\u0442\u0430\u0432\u0430\u043b\u0438\u0441\u044c \u0431\u0435\u0441\u0441\u0442\u0440\u0430\u0448\u043d\u044b\u043c\u0438","isPartOf":{"@id":"https:\/\/www.pvzp.cz\/ru\/#website"},"datePublished":"2022-02-02T06:25:16+00:00","dateModified":"2025-07-23T09:08:53+00:00","breadcrumb":{"@id":"https:\/\/www.pvzp.cz\/ru\/#breadcrumb"},"inLanguage":"ru-RU","potentialAction":[{"@type":"ReadAction","target":["https:\/\/www.pvzp.cz\/ru\/"]}]},{"@type":"BreadcrumbList","@id":"https:\/\/www.pvzp.cz\/ru\/#breadcrumb","itemListElement":[{"@type":"ListItem","position":1,"name":"\u0434\u043e\u043c","item":"https:\/\/www.pvzp.cz\/ru\/"},{"@type":"ListItem","position":2,"name":"\u0414\u043e\u043c\u0430\u0448\u043d\u044f\u044f \u0441\u0442\u0440\u0430\u043d\u0438\u0446\u0430"}]},{"@type":"WebSite","@id":"https:\/\/www.pvzp.cz\/ru\/#website","url":"https:\/\/www.pvzp.cz\/ru\/","name":"Poji\u0161\u0165ovna VZP","description":"PVZP","publisher":{"@id":"https:\/\/www.pvzp.cz\/ru\/#organization"},"alternateName":"PVZP - ryze \u010desk\u00e1 komer\u010dn\u00ed poji\u0161\u0165ovna","potentialAction":[{"@type":"SearchAction","target":{"@type":"EntryPoint","urlTemplate":"https:\/\/www.pvzp.cz\/ru\/?s={search_term_string}"},"query-input":{"@type":"PropertyValueSpecification","valueRequired":true,"valueName":"search_term_string"}}],"inLanguage":"ru-RU"},{"@type":"Organization","@id":"https:\/\/www.pvzp.cz\/ru\/#organization","name":"Poji\u0161\u0165ovna VZP, a.s.","alternateName":"Poji\u0161\u0165ovna VZP, a. s. \u2013 ryze \u010desk\u00e1 komer\u010dn\u00ed poji\u0161\u0165ovna","url":"https:\/\/www.pvzp.cz\/ru\/","logo":{"@type":"ImageObject","inLanguage":"ru-RU","@id":"https:\/\/www.pvzp.cz\/ru\/#\/schema\/logo\/image\/","url":"https:\/\/www.pvzp.cz\/wp-content\/uploads\/2024\/11\/Logo.png","contentUrl":"https:\/\/www.pvzp.cz\/wp-content\/uploads\/2024\/11\/Logo.png","width":2823,"height":1000,"caption":"Poji\u0161\u0165ovna VZP, a.s."},"image":{"@id":"https:\/\/www.pvzp.cz\/ru\/#\/schema\/logo\/image\/"},"sameAs":["https:\/\/www.facebook.com\/pojistovnavzp\/"]}]}},"_links":{"self":[{"href":"https:\/\/www.pvzp.cz\/ru\/wp-json\/wp\/v2\/pages\/4337","targetHints":{"allow":["GET"]}}],"collection":[{"href":"https:\/\/www.pvzp.cz\/ru\/wp-json\/wp\/v2\/pages"}],"about":[{"href":"https:\/\/www.pvzp.cz\/ru\/wp-json\/wp\/v2\/types\/page"}],"author":[{"embeddable":true,"href":"https:\/\/www.pvzp.cz\/ru\/wp-json\/wp\/v2\/users\/1"}],"replies":[{"embeddable":true,"href":"https:\/\/www.pvzp.cz\/ru\/wp-json\/wp\/v2\/comments?post=4337"}],"version-history":[{"count":25,"href":"https:\/\/www.pvzp.cz\/ru\/wp-json\/wp\/v2\/pages\/4337\/revisions"}],"predecessor-version":[{"id":26443,"href":"https:\/\/www.pvzp.cz\/ru\/wp-json\/wp\/v2\/pages\/4337\/revisions\/26443"}],"wp:attachment":[{"href":"https:\/\/www.pvzp.cz\/ru\/wp-json\/wp\/v2\/media?parent=4337"}],"curies":[{"name":"wp","href":"https:\/\/api.w.org\/{rel}","templated":true}]}}