{"id":28307,"date":"2022-04-07T16:05:42","date_gmt":"2022-04-07T14:05:42","guid":{"rendered":"https:\/\/www.pvzp.cz\/%d0%bf%d1%96%d0%b4%d0%bf%d0%b8%d1%81%d0%ba%d0%b0-%d0%bd%d0%b0-%d1%80%d0%be%d0%b7%d1%81%d0%b8%d0%bb%d0%ba%d1%83-%d0%bd%d0%be%d0%b2%d0%b8%d0%bd\/"},"modified":"2025-08-28T16:42:26","modified_gmt":"2025-08-28T14:42:26","slug":"%d0%bf%d1%96%d0%b4%d0%bf%d0%b8%d1%81%d0%ba%d0%b0-%d0%bd%d0%b0-%d1%80%d0%be%d0%b7%d1%81%d0%b8%d0%bb%d0%ba%d1%83-%d0%bd%d0%be%d0%b2%d0%b8%d0%bd","status":"publish","type":"page","link":"https:\/\/www.pvzp.cz\/ua\/%d0%bf%d1%96%d0%b4%d0%bf%d0%b8%d1%81%d0%ba%d0%b0-%d0%bd%d0%b0-%d1%80%d0%be%d0%b7%d1%81%d0%b8%d0%bb%d0%ba%d1%83-%d0%bd%d0%be%d0%b2%d0%b8%d0%bd\/","title":{"rendered":"\u041f\u0456\u0434\u043f\u0438\u0441\u043a\u0430 \u043d\u0430 \u0440\u043e\u0437\u0441\u0438\u043b\u043a\u0443 \u043d\u043e\u0432\u0438\u043d"},"content":{"rendered":"","protected":false},"excerpt":{"rendered":"","protected":false},"author":1,"featured_media":29204,"parent":0,"menu_order":0,"comment_status":"closed","ping_status":"closed","template":"template-pages\/newsletter.php","meta":{"_acf_changed":false,"footnotes":""},"class_list":["post-28307","page","type-page","status-publish","has-post-thumbnail","hentry"],"acf":[],"yoast_head":"<!-- This site is optimized with the Yoast SEO plugin v26.9 - https:\/\/yoast.com\/product\/yoast-seo-wordpress\/ -->\n<title>\u041f\u0456\u0434\u043f\u0438\u0441\u043a\u0430 \u043d\u0430 \u0440\u043e\u0437\u0441\u0438\u043b\u043a\u0443 \u043d\u043e\u0432\u0438\u043d | PVZP<\/title>\n<meta name=\"robots\" content=\"index, follow, max-snippet:-1, max-image-preview:large, max-video-preview:-1\" \/>\n<link rel=\"canonical\" href=\"https:\/\/www.pvzp.cz\/ua\/%d0%bf%d1%96%d0%b4%d0%bf%d0%b8%d1%81%d0%ba%d0%b0-%d0%bd%d0%b0-%d1%80%d0%be%d0%b7%d1%81%d0%b8%d0%bb%d0%ba%d1%83-%d0%bd%d0%be%d0%b2%d0%b8%d0%bd\/\" \/>\n<meta property=\"og:locale\" content=\"uk_UA\" \/>\n<meta property=\"og:type\" content=\"article\" \/>\n<meta property=\"og:title\" content=\"\u041f\u0456\u0434\u043f\u0438\u0441\u043a\u0430 \u043d\u0430 \u0440\u043e\u0437\u0441\u0438\u043b\u043a\u0443 \u043d\u043e\u0432\u0438\u043d | PVZP\" \/>\n<meta property=\"og:url\" content=\"https:\/\/www.pvzp.cz\/ua\/%d0%bf%d1%96%d0%b4%d0%bf%d0%b8%d1%81%d0%ba%d0%b0-%d0%bd%d0%b0-%d1%80%d0%be%d0%b7%d1%81%d0%b8%d0%bb%d0%ba%d1%83-%d0%bd%d0%be%d0%b2%d0%b8%d0%bd\/\" \/>\n<meta property=\"og:site_name\" content=\"PVZP\" \/>\n<meta property=\"article:publisher\" content=\"https:\/\/www.facebook.com\/pojistovnavzp\/\" \/>\n<meta property=\"article:modified_time\" content=\"2025-08-28T14:42:26+00:00\" \/>\n<meta property=\"og:image\" content=\"https:\/\/www.pvzp.cz\/wp-content\/uploads\/2024\/11\/Logo.png\" \/>\n\t<meta property=\"og:image:width\" content=\"2823\" \/>\n\t<meta property=\"og:image:height\" content=\"1000\" \/>\n\t<meta property=\"og:image:type\" content=\"image\/png\" \/>\n<meta name=\"twitter:card\" content=\"summary_large_image\" \/>\n<script type=\"application\/ld+json\" class=\"yoast-schema-graph\">{\"@context\":\"https:\/\/schema.org\",\"@graph\":[{\"@type\":\"WebPage\",\"@id\":\"https:\/\/www.pvzp.cz\/ua\/%d0%bf%d1%96%d0%b4%d0%bf%d0%b8%d1%81%d0%ba%d0%b0-%d0%bd%d0%b0-%d1%80%d0%be%d0%b7%d1%81%d0%b8%d0%bb%d0%ba%d1%83-%d0%bd%d0%be%d0%b2%d0%b8%d0%bd\/\",\"url\":\"https:\/\/www.pvzp.cz\/ua\/%d0%bf%d1%96%d0%b4%d0%bf%d0%b8%d1%81%d0%ba%d0%b0-%d0%bd%d0%b0-%d1%80%d0%be%d0%b7%d1%81%d0%b8%d0%bb%d0%ba%d1%83-%d0%bd%d0%be%d0%b2%d0%b8%d0%bd\/\",\"name\":\"\u041f\u0456\u0434\u043f\u0438\u0441\u043a\u0430 \u043d\u0430 \u0440\u043e\u0437\u0441\u0438\u043b\u043a\u0443 \u043d\u043e\u0432\u0438\u043d | PVZP\",\"isPartOf\":{\"@id\":\"https:\/\/www.pvzp.cz\/ua\/#website\"},\"primaryImageOfPage\":{\"@id\":\"https:\/\/www.pvzp.cz\/ua\/%d0%bf%d1%96%d0%b4%d0%bf%d0%b8%d1%81%d0%ba%d0%b0-%d0%bd%d0%b0-%d1%80%d0%be%d0%b7%d1%81%d0%b8%d0%bb%d0%ba%d1%83-%d0%bd%d0%be%d0%b2%d0%b8%d0%bd\/#primaryimage\"},\"image\":{\"@id\":\"https:\/\/www.pvzp.cz\/ua\/%d0%bf%d1%96%d0%b4%d0%bf%d0%b8%d1%81%d0%ba%d0%b0-%d0%bd%d0%b0-%d1%80%d0%be%d0%b7%d1%81%d0%b8%d0%bb%d0%ba%d1%83-%d0%bd%d0%be%d0%b2%d0%b8%d0%bd\/#primaryimage\"},\"thumbnailUrl\":\"https:\/\/www.pvzp.cz\/wp-content\/uploads\/2022\/08\/Prihlaseni-do-Newsletteru-1-ikonka-V2.svg\",\"datePublished\":\"2022-04-07T14:05:42+00:00\",\"dateModified\":\"2025-08-28T14:42:26+00:00\",\"breadcrumb\":{\"@id\":\"https:\/\/www.pvzp.cz\/ua\/%d0%bf%d1%96%d0%b4%d0%bf%d0%b8%d1%81%d0%ba%d0%b0-%d0%bd%d0%b0-%d1%80%d0%be%d0%b7%d1%81%d0%b8%d0%bb%d0%ba%d1%83-%d0%bd%d0%be%d0%b2%d0%b8%d0%bd\/#breadcrumb\"},\"inLanguage\":\"uk\",\"potentialAction\":[{\"@type\":\"ReadAction\",\"target\":[\"https:\/\/www.pvzp.cz\/ua\/%d0%bf%d1%96%d0%b4%d0%bf%d0%b8%d1%81%d0%ba%d0%b0-%d0%bd%d0%b0-%d1%80%d0%be%d0%b7%d1%81%d0%b8%d0%bb%d0%ba%d1%83-%d0%bd%d0%be%d0%b2%d0%b8%d0%bd\/\"]}]},{\"@type\":\"ImageObject\",\"inLanguage\":\"uk\",\"@id\":\"https:\/\/www.pvzp.cz\/ua\/%d0%bf%d1%96%d0%b4%d0%bf%d0%b8%d1%81%d0%ba%d0%b0-%d0%bd%d0%b0-%d1%80%d0%be%d0%b7%d1%81%d0%b8%d0%bb%d0%ba%d1%83-%d0%bd%d0%be%d0%b2%d0%b8%d0%bd\/#primaryimage\",\"url\":\"https:\/\/www.pvzp.cz\/wp-content\/uploads\/2022\/08\/Prihlaseni-do-Newsletteru-1-ikonka-V2.svg\",\"contentUrl\":\"https:\/\/www.pvzp.cz\/wp-content\/uploads\/2022\/08\/Prihlaseni-do-Newsletteru-1-ikonka-V2.svg\"},{\"@type\":\"BreadcrumbList\",\"@id\":\"https:\/\/www.pvzp.cz\/ua\/%d0%bf%d1%96%d0%b4%d0%bf%d0%b8%d1%81%d0%ba%d0%b0-%d0%bd%d0%b0-%d1%80%d0%be%d0%b7%d1%81%d0%b8%d0%bb%d0%ba%d1%83-%d0%bd%d0%be%d0%b2%d0%b8%d0%bd\/#breadcrumb\",\"itemListElement\":[{\"@type\":\"ListItem\",\"position\":1,\"name\":\"\u00davod\",\"item\":\"https:\/\/www.pvzp.cz\/ua\/\"},{\"@type\":\"ListItem\",\"position\":2,\"name\":\"\u041f\u0456\u0434\u043f\u0438\u0441\u043a\u0430 \u043d\u0430 \u0440\u043e\u0437\u0441\u0438\u043b\u043a\u0443 \u043d\u043e\u0432\u0438\u043d\"}]},{\"@type\":\"WebSite\",\"@id\":\"https:\/\/www.pvzp.cz\/ua\/#website\",\"url\":\"https:\/\/www.pvzp.cz\/ua\/\",\"name\":\"Poji\u0161\u0165ovna VZP\",\"description\":\"PVZP\",\"publisher\":{\"@id\":\"https:\/\/www.pvzp.cz\/ua\/#organization\"},\"alternateName\":\"PVZP - ryze \u010desk\u00e1 komer\u010dn\u00ed poji\u0161\u0165ovna\",\"potentialAction\":[{\"@type\":\"SearchAction\",\"target\":{\"@type\":\"EntryPoint\",\"urlTemplate\":\"https:\/\/www.pvzp.cz\/ua\/?s={search_term_string}\"},\"query-input\":{\"@type\":\"PropertyValueSpecification\",\"valueRequired\":true,\"valueName\":\"search_term_string\"}}],\"inLanguage\":\"uk\"},{\"@type\":\"Organization\",\"@id\":\"https:\/\/www.pvzp.cz\/ua\/#organization\",\"name\":\"Poji\u0161\u0165ovna VZP, a.s.\",\"alternateName\":\"Poji\u0161\u0165ovna VZP, a. s. \u2013 ryze \u010desk\u00e1 komer\u010dn\u00ed poji\u0161\u0165ovna\",\"url\":\"https:\/\/www.pvzp.cz\/ua\/\",\"logo\":{\"@type\":\"ImageObject\",\"inLanguage\":\"uk\",\"@id\":\"https:\/\/www.pvzp.cz\/ua\/#\/schema\/logo\/image\/\",\"url\":\"https:\/\/www.pvzp.cz\/wp-content\/uploads\/2024\/11\/Logo.png\",\"contentUrl\":\"https:\/\/www.pvzp.cz\/wp-content\/uploads\/2024\/11\/Logo.png\",\"width\":2823,\"height\":1000,\"caption\":\"Poji\u0161\u0165ovna VZP, a.s.\"},\"image\":{\"@id\":\"https:\/\/www.pvzp.cz\/ua\/#\/schema\/logo\/image\/\"},\"sameAs\":[\"https:\/\/www.facebook.com\/pojistovnavzp\/\"]}]}<\/script>\n<!-- \/ Yoast SEO plugin. -->","yoast_head_json":{"title":"\u041f\u0456\u0434\u043f\u0438\u0441\u043a\u0430 \u043d\u0430 \u0440\u043e\u0437\u0441\u0438\u043b\u043a\u0443 \u043d\u043e\u0432\u0438\u043d | PVZP","robots":{"index":"index","follow":"follow","max-snippet":"max-snippet:-1","max-image-preview":"max-image-preview:large","max-video-preview":"max-video-preview:-1"},"canonical":"https:\/\/www.pvzp.cz\/ua\/%d0%bf%d1%96%d0%b4%d0%bf%d0%b8%d1%81%d0%ba%d0%b0-%d0%bd%d0%b0-%d1%80%d0%be%d0%b7%d1%81%d0%b8%d0%bb%d0%ba%d1%83-%d0%bd%d0%be%d0%b2%d0%b8%d0%bd\/","og_locale":"uk_UA","og_type":"article","og_title":"\u041f\u0456\u0434\u043f\u0438\u0441\u043a\u0430 \u043d\u0430 \u0440\u043e\u0437\u0441\u0438\u043b\u043a\u0443 \u043d\u043e\u0432\u0438\u043d | PVZP","og_url":"https:\/\/www.pvzp.cz\/ua\/%d0%bf%d1%96%d0%b4%d0%bf%d0%b8%d1%81%d0%ba%d0%b0-%d0%bd%d0%b0-%d1%80%d0%be%d0%b7%d1%81%d0%b8%d0%bb%d0%ba%d1%83-%d0%bd%d0%be%d0%b2%d0%b8%d0%bd\/","og_site_name":"PVZP","article_publisher":"https:\/\/www.facebook.com\/pojistovnavzp\/","article_modified_time":"2025-08-28T14:42:26+00:00","og_image":[{"width":2823,"height":1000,"url":"https:\/\/www.pvzp.cz\/wp-content\/uploads\/2024\/11\/Logo.png","type":"image\/png"}],"twitter_card":"summary_large_image","schema":{"@context":"https:\/\/schema.org","@graph":[{"@type":"WebPage","@id":"https:\/\/www.pvzp.cz\/ua\/%d0%bf%d1%96%d0%b4%d0%bf%d0%b8%d1%81%d0%ba%d0%b0-%d0%bd%d0%b0-%d1%80%d0%be%d0%b7%d1%81%d0%b8%d0%bb%d0%ba%d1%83-%d0%bd%d0%be%d0%b2%d0%b8%d0%bd\/","url":"https:\/\/www.pvzp.cz\/ua\/%d0%bf%d1%96%d0%b4%d0%bf%d0%b8%d1%81%d0%ba%d0%b0-%d0%bd%d0%b0-%d1%80%d0%be%d0%b7%d1%81%d0%b8%d0%bb%d0%ba%d1%83-%d0%bd%d0%be%d0%b2%d0%b8%d0%bd\/","name":"\u041f\u0456\u0434\u043f\u0438\u0441\u043a\u0430 \u043d\u0430 \u0440\u043e\u0437\u0441\u0438\u043b\u043a\u0443 \u043d\u043e\u0432\u0438\u043d | PVZP","isPartOf":{"@id":"https:\/\/www.pvzp.cz\/ua\/#website"},"primaryImageOfPage":{"@id":"https:\/\/www.pvzp.cz\/ua\/%d0%bf%d1%96%d0%b4%d0%bf%d0%b8%d1%81%d0%ba%d0%b0-%d0%bd%d0%b0-%d1%80%d0%be%d0%b7%d1%81%d0%b8%d0%bb%d0%ba%d1%83-%d0%bd%d0%be%d0%b2%d0%b8%d0%bd\/#primaryimage"},"image":{"@id":"https:\/\/www.pvzp.cz\/ua\/%d0%bf%d1%96%d0%b4%d0%bf%d0%b8%d1%81%d0%ba%d0%b0-%d0%bd%d0%b0-%d1%80%d0%be%d0%b7%d1%81%d0%b8%d0%bb%d0%ba%d1%83-%d0%bd%d0%be%d0%b2%d0%b8%d0%bd\/#primaryimage"},"thumbnailUrl":"https:\/\/www.pvzp.cz\/wp-content\/uploads\/2022\/08\/Prihlaseni-do-Newsletteru-1-ikonka-V2.svg","datePublished":"2022-04-07T14:05:42+00:00","dateModified":"2025-08-28T14:42:26+00:00","breadcrumb":{"@id":"https:\/\/www.pvzp.cz\/ua\/%d0%bf%d1%96%d0%b4%d0%bf%d0%b8%d1%81%d0%ba%d0%b0-%d0%bd%d0%b0-%d1%80%d0%be%d0%b7%d1%81%d0%b8%d0%bb%d0%ba%d1%83-%d0%bd%d0%be%d0%b2%d0%b8%d0%bd\/#breadcrumb"},"inLanguage":"uk","potentialAction":[{"@type":"ReadAction","target":["https:\/\/www.pvzp.cz\/ua\/%d0%bf%d1%96%d0%b4%d0%bf%d0%b8%d1%81%d0%ba%d0%b0-%d0%bd%d0%b0-%d1%80%d0%be%d0%b7%d1%81%d0%b8%d0%bb%d0%ba%d1%83-%d0%bd%d0%be%d0%b2%d0%b8%d0%bd\/"]}]},{"@type":"ImageObject","inLanguage":"uk","@id":"https:\/\/www.pvzp.cz\/ua\/%d0%bf%d1%96%d0%b4%d0%bf%d0%b8%d1%81%d0%ba%d0%b0-%d0%bd%d0%b0-%d1%80%d0%be%d0%b7%d1%81%d0%b8%d0%bb%d0%ba%d1%83-%d0%bd%d0%be%d0%b2%d0%b8%d0%bd\/#primaryimage","url":"https:\/\/www.pvzp.cz\/wp-content\/uploads\/2022\/08\/Prihlaseni-do-Newsletteru-1-ikonka-V2.svg","contentUrl":"https:\/\/www.pvzp.cz\/wp-content\/uploads\/2022\/08\/Prihlaseni-do-Newsletteru-1-ikonka-V2.svg"},{"@type":"BreadcrumbList","@id":"https:\/\/www.pvzp.cz\/ua\/%d0%bf%d1%96%d0%b4%d0%bf%d0%b8%d1%81%d0%ba%d0%b0-%d0%bd%d0%b0-%d1%80%d0%be%d0%b7%d1%81%d0%b8%d0%bb%d0%ba%d1%83-%d0%bd%d0%be%d0%b2%d0%b8%d0%bd\/#breadcrumb","itemListElement":[{"@type":"ListItem","position":1,"name":"\u00davod","item":"https:\/\/www.pvzp.cz\/ua\/"},{"@type":"ListItem","position":2,"name":"\u041f\u0456\u0434\u043f\u0438\u0441\u043a\u0430 \u043d\u0430 \u0440\u043e\u0437\u0441\u0438\u043b\u043a\u0443 \u043d\u043e\u0432\u0438\u043d"}]},{"@type":"WebSite","@id":"https:\/\/www.pvzp.cz\/ua\/#website","url":"https:\/\/www.pvzp.cz\/ua\/","name":"Poji\u0161\u0165ovna VZP","description":"PVZP","publisher":{"@id":"https:\/\/www.pvzp.cz\/ua\/#organization"},"alternateName":"PVZP - ryze \u010desk\u00e1 komer\u010dn\u00ed poji\u0161\u0165ovna","potentialAction":[{"@type":"SearchAction","target":{"@type":"EntryPoint","urlTemplate":"https:\/\/www.pvzp.cz\/ua\/?s={search_term_string}"},"query-input":{"@type":"PropertyValueSpecification","valueRequired":true,"valueName":"search_term_string"}}],"inLanguage":"uk"},{"@type":"Organization","@id":"https:\/\/www.pvzp.cz\/ua\/#organization","name":"Poji\u0161\u0165ovna VZP, a.s.","alternateName":"Poji\u0161\u0165ovna VZP, a. s. \u2013 ryze \u010desk\u00e1 komer\u010dn\u00ed poji\u0161\u0165ovna","url":"https:\/\/www.pvzp.cz\/ua\/","logo":{"@type":"ImageObject","inLanguage":"uk","@id":"https:\/\/www.pvzp.cz\/ua\/#\/schema\/logo\/image\/","url":"https:\/\/www.pvzp.cz\/wp-content\/uploads\/2024\/11\/Logo.png","contentUrl":"https:\/\/www.pvzp.cz\/wp-content\/uploads\/2024\/11\/Logo.png","width":2823,"height":1000,"caption":"Poji\u0161\u0165ovna VZP, a.s."},"image":{"@id":"https:\/\/www.pvzp.cz\/ua\/#\/schema\/logo\/image\/"},"sameAs":["https:\/\/www.facebook.com\/pojistovnavzp\/"]}]}},"_links":{"self":[{"href":"https:\/\/www.pvzp.cz\/ua\/wp-json\/wp\/v2\/pages\/28307","targetHints":{"allow":["GET"]}}],"collection":[{"href":"https:\/\/www.pvzp.cz\/ua\/wp-json\/wp\/v2\/pages"}],"about":[{"href":"https:\/\/www.pvzp.cz\/ua\/wp-json\/wp\/v2\/types\/page"}],"author":[{"embeddable":true,"href":"https:\/\/www.pvzp.cz\/ua\/wp-json\/wp\/v2\/users\/1"}],"replies":[{"embeddable":true,"href":"https:\/\/www.pvzp.cz\/ua\/wp-json\/wp\/v2\/comments?post=28307"}],"version-history":[{"count":1,"href":"https:\/\/www.pvzp.cz\/ua\/wp-json\/wp\/v2\/pages\/28307\/revisions"}],"predecessor-version":[{"id":31655,"href":"https:\/\/www.pvzp.cz\/ua\/wp-json\/wp\/v2\/pages\/28307\/revisions\/31655"}],"wp:featuredmedia":[{"embeddable":true,"href":"https:\/\/www.pvzp.cz\/ua\/wp-json\/wp\/v2\/media\/29204"}],"wp:attachment":[{"href":"https:\/\/www.pvzp.cz\/ua\/wp-json\/wp\/v2\/media?parent=28307"}],"curies":[{"name":"wp","href":"https:\/\/api.w.org\/{rel}","templated":true}]}}