{"id":4374,"date":"2022-04-08T07:06:41","date_gmt":"2022-04-08T05:06:41","guid":{"rendered":"https:\/\/www-dev.pvzp.cz\/ostatni-dokumenty\/"},"modified":"2023-03-15T14:38:17","modified_gmt":"2023-03-15T13:38:17","slug":"cac-tai-lieu-khac","status":"publish","type":"page","link":"https:\/\/www.pvzp.cz\/vi\/cac-tai-lieu-khac\/","title":{"rendered":"C\u00e1c t\u00e0i li\u1ec7u kh\u00e1c"},"content":{"rendered":"","protected":false},"excerpt":{"rendered":"","protected":false},"author":1,"featured_media":5479,"parent":0,"menu_order":0,"comment_status":"closed","ping_status":"closed","template":"","meta":{"_acf_changed":false,"footnotes":""},"class_list":["post-4374","page","type-page","status-publish","has-post-thumbnail","hentry"],"acf":[],"yoast_head":"<!-- This site is optimized with the Yoast SEO plugin v26.9 - https:\/\/yoast.com\/product\/yoast-seo-wordpress\/ -->\n<title>C\u00e1c t\u00e0i li\u1ec7u kh\u00e1c | PVZP<\/title>\n<meta name=\"robots\" content=\"index, follow, max-snippet:-1, max-image-preview:large, max-video-preview:-1\" \/>\n<link rel=\"canonical\" href=\"https:\/\/www.pvzp.cz\/vi\/cac-tai-lieu-khac\/\" \/>\n<meta property=\"og:locale\" content=\"vi_VN\" \/>\n<meta property=\"og:type\" content=\"article\" \/>\n<meta property=\"og:title\" content=\"C\u00e1c t\u00e0i li\u1ec7u kh\u00e1c | PVZP\" \/>\n<meta property=\"og:url\" content=\"https:\/\/www.pvzp.cz\/vi\/cac-tai-lieu-khac\/\" \/>\n<meta property=\"og:site_name\" content=\"PVZP\" \/>\n<meta property=\"article:publisher\" content=\"https:\/\/www.facebook.com\/pojistovnavzp\/\" \/>\n<meta property=\"article:modified_time\" content=\"2023-03-15T13:38:17+00:00\" \/>\n<meta property=\"og:image\" content=\"https:\/\/www.pvzp.cz\/wp-content\/uploads\/2024\/11\/Logo.png\" \/>\n\t<meta property=\"og:image:width\" content=\"2823\" \/>\n\t<meta property=\"og:image:height\" content=\"1000\" \/>\n\t<meta property=\"og:image:type\" content=\"image\/png\" \/>\n<meta name=\"twitter:card\" content=\"summary_large_image\" \/>\n<meta name=\"twitter:label1\" content=\"Est. reading time\" \/>\n\t<meta name=\"twitter:data1\" content=\"1 minute\" \/>\n<script type=\"application\/ld+json\" class=\"yoast-schema-graph\">{\"@context\":\"https:\/\/schema.org\",\"@graph\":[{\"@type\":\"WebPage\",\"@id\":\"https:\/\/www.pvzp.cz\/vi\/cac-tai-lieu-khac\/\",\"url\":\"https:\/\/www.pvzp.cz\/vi\/cac-tai-lieu-khac\/\",\"name\":\"C\u00e1c t\u00e0i li\u1ec7u kh\u00e1c | PVZP\",\"isPartOf\":{\"@id\":\"https:\/\/www.pvzp.cz\/vi\/#website\"},\"primaryImageOfPage\":{\"@id\":\"https:\/\/www.pvzp.cz\/vi\/cac-tai-lieu-khac\/#primaryimage\"},\"image\":{\"@id\":\"https:\/\/www.pvzp.cz\/vi\/cac-tai-lieu-khac\/#primaryimage\"},\"thumbnailUrl\":\"https:\/\/www.pvzp.cz\/wp-content\/uploads\/2022\/08\/Pojistne-podminky-ikonka-V2.svg\",\"datePublished\":\"2022-04-08T05:06:41+00:00\",\"dateModified\":\"2023-03-15T13:38:17+00:00\",\"breadcrumb\":{\"@id\":\"https:\/\/www.pvzp.cz\/vi\/cac-tai-lieu-khac\/#breadcrumb\"},\"inLanguage\":\"vi-VN\",\"potentialAction\":[{\"@type\":\"ReadAction\",\"target\":[\"https:\/\/www.pvzp.cz\/vi\/cac-tai-lieu-khac\/\"]}]},{\"@type\":\"ImageObject\",\"inLanguage\":\"vi-VN\",\"@id\":\"https:\/\/www.pvzp.cz\/vi\/cac-tai-lieu-khac\/#primaryimage\",\"url\":\"https:\/\/www.pvzp.cz\/wp-content\/uploads\/2022\/08\/Pojistne-podminky-ikonka-V2.svg\",\"contentUrl\":\"https:\/\/www.pvzp.cz\/wp-content\/uploads\/2022\/08\/Pojistne-podminky-ikonka-V2.svg\"},{\"@type\":\"BreadcrumbList\",\"@id\":\"https:\/\/www.pvzp.cz\/vi\/cac-tai-lieu-khac\/#breadcrumb\",\"itemListElement\":[{\"@type\":\"ListItem\",\"position\":1,\"name\":\"Trang Ch\u1ee7\",\"item\":\"https:\/\/www.pvzp.cz\/vi\/\"},{\"@type\":\"ListItem\",\"position\":2,\"name\":\"C\u00e1c t\u00e0i li\u1ec7u kh\u00e1c\"}]},{\"@type\":\"WebSite\",\"@id\":\"https:\/\/www.pvzp.cz\/vi\/#website\",\"url\":\"https:\/\/www.pvzp.cz\/vi\/\",\"name\":\"Poji\u0161\u0165ovna VZP\",\"description\":\"PVZP\",\"publisher\":{\"@id\":\"https:\/\/www.pvzp.cz\/vi\/#organization\"},\"alternateName\":\"PVZP - ryze \u010desk\u00e1 komer\u010dn\u00ed poji\u0161\u0165ovna\",\"potentialAction\":[{\"@type\":\"SearchAction\",\"target\":{\"@type\":\"EntryPoint\",\"urlTemplate\":\"https:\/\/www.pvzp.cz\/vi\/?s={search_term_string}\"},\"query-input\":{\"@type\":\"PropertyValueSpecification\",\"valueRequired\":true,\"valueName\":\"search_term_string\"}}],\"inLanguage\":\"vi-VN\"},{\"@type\":\"Organization\",\"@id\":\"https:\/\/www.pvzp.cz\/vi\/#organization\",\"name\":\"Poji\u0161\u0165ovna VZP, a.s.\",\"alternateName\":\"Poji\u0161\u0165ovna VZP, a. s. \u2013 ryze \u010desk\u00e1 komer\u010dn\u00ed poji\u0161\u0165ovna\",\"url\":\"https:\/\/www.pvzp.cz\/vi\/\",\"logo\":{\"@type\":\"ImageObject\",\"inLanguage\":\"vi-VN\",\"@id\":\"https:\/\/www.pvzp.cz\/vi\/#\/schema\/logo\/image\/\",\"url\":\"https:\/\/www.pvzp.cz\/wp-content\/uploads\/2024\/11\/Logo.png\",\"contentUrl\":\"https:\/\/www.pvzp.cz\/wp-content\/uploads\/2024\/11\/Logo.png\",\"width\":2823,\"height\":1000,\"caption\":\"Poji\u0161\u0165ovna VZP, a.s.\"},\"image\":{\"@id\":\"https:\/\/www.pvzp.cz\/vi\/#\/schema\/logo\/image\/\"},\"sameAs\":[\"https:\/\/www.facebook.com\/pojistovnavzp\/\"]}]}<\/script>\n<!-- \/ Yoast SEO plugin. -->","yoast_head_json":{"title":"C\u00e1c t\u00e0i li\u1ec7u kh\u00e1c | PVZP","robots":{"index":"index","follow":"follow","max-snippet":"max-snippet:-1","max-image-preview":"max-image-preview:large","max-video-preview":"max-video-preview:-1"},"canonical":"https:\/\/www.pvzp.cz\/vi\/cac-tai-lieu-khac\/","og_locale":"vi_VN","og_type":"article","og_title":"C\u00e1c t\u00e0i li\u1ec7u kh\u00e1c | PVZP","og_url":"https:\/\/www.pvzp.cz\/vi\/cac-tai-lieu-khac\/","og_site_name":"PVZP","article_publisher":"https:\/\/www.facebook.com\/pojistovnavzp\/","article_modified_time":"2023-03-15T13:38:17+00:00","og_image":[{"width":2823,"height":1000,"url":"https:\/\/www.pvzp.cz\/wp-content\/uploads\/2024\/11\/Logo.png","type":"image\/png"}],"twitter_card":"summary_large_image","twitter_misc":{"Est. reading time":"1 minute"},"schema":{"@context":"https:\/\/schema.org","@graph":[{"@type":"WebPage","@id":"https:\/\/www.pvzp.cz\/vi\/cac-tai-lieu-khac\/","url":"https:\/\/www.pvzp.cz\/vi\/cac-tai-lieu-khac\/","name":"C\u00e1c t\u00e0i li\u1ec7u kh\u00e1c | PVZP","isPartOf":{"@id":"https:\/\/www.pvzp.cz\/vi\/#website"},"primaryImageOfPage":{"@id":"https:\/\/www.pvzp.cz\/vi\/cac-tai-lieu-khac\/#primaryimage"},"image":{"@id":"https:\/\/www.pvzp.cz\/vi\/cac-tai-lieu-khac\/#primaryimage"},"thumbnailUrl":"https:\/\/www.pvzp.cz\/wp-content\/uploads\/2022\/08\/Pojistne-podminky-ikonka-V2.svg","datePublished":"2022-04-08T05:06:41+00:00","dateModified":"2023-03-15T13:38:17+00:00","breadcrumb":{"@id":"https:\/\/www.pvzp.cz\/vi\/cac-tai-lieu-khac\/#breadcrumb"},"inLanguage":"vi-VN","potentialAction":[{"@type":"ReadAction","target":["https:\/\/www.pvzp.cz\/vi\/cac-tai-lieu-khac\/"]}]},{"@type":"ImageObject","inLanguage":"vi-VN","@id":"https:\/\/www.pvzp.cz\/vi\/cac-tai-lieu-khac\/#primaryimage","url":"https:\/\/www.pvzp.cz\/wp-content\/uploads\/2022\/08\/Pojistne-podminky-ikonka-V2.svg","contentUrl":"https:\/\/www.pvzp.cz\/wp-content\/uploads\/2022\/08\/Pojistne-podminky-ikonka-V2.svg"},{"@type":"BreadcrumbList","@id":"https:\/\/www.pvzp.cz\/vi\/cac-tai-lieu-khac\/#breadcrumb","itemListElement":[{"@type":"ListItem","position":1,"name":"Trang Ch\u1ee7","item":"https:\/\/www.pvzp.cz\/vi\/"},{"@type":"ListItem","position":2,"name":"C\u00e1c t\u00e0i li\u1ec7u kh\u00e1c"}]},{"@type":"WebSite","@id":"https:\/\/www.pvzp.cz\/vi\/#website","url":"https:\/\/www.pvzp.cz\/vi\/","name":"Poji\u0161\u0165ovna VZP","description":"PVZP","publisher":{"@id":"https:\/\/www.pvzp.cz\/vi\/#organization"},"alternateName":"PVZP - ryze \u010desk\u00e1 komer\u010dn\u00ed poji\u0161\u0165ovna","potentialAction":[{"@type":"SearchAction","target":{"@type":"EntryPoint","urlTemplate":"https:\/\/www.pvzp.cz\/vi\/?s={search_term_string}"},"query-input":{"@type":"PropertyValueSpecification","valueRequired":true,"valueName":"search_term_string"}}],"inLanguage":"vi-VN"},{"@type":"Organization","@id":"https:\/\/www.pvzp.cz\/vi\/#organization","name":"Poji\u0161\u0165ovna VZP, a.s.","alternateName":"Poji\u0161\u0165ovna VZP, a. s. \u2013 ryze \u010desk\u00e1 komer\u010dn\u00ed poji\u0161\u0165ovna","url":"https:\/\/www.pvzp.cz\/vi\/","logo":{"@type":"ImageObject","inLanguage":"vi-VN","@id":"https:\/\/www.pvzp.cz\/vi\/#\/schema\/logo\/image\/","url":"https:\/\/www.pvzp.cz\/wp-content\/uploads\/2024\/11\/Logo.png","contentUrl":"https:\/\/www.pvzp.cz\/wp-content\/uploads\/2024\/11\/Logo.png","width":2823,"height":1000,"caption":"Poji\u0161\u0165ovna VZP, a.s."},"image":{"@id":"https:\/\/www.pvzp.cz\/vi\/#\/schema\/logo\/image\/"},"sameAs":["https:\/\/www.facebook.com\/pojistovnavzp\/"]}]}},"_links":{"self":[{"href":"https:\/\/www.pvzp.cz\/vi\/wp-json\/wp\/v2\/pages\/4374","targetHints":{"allow":["GET"]}}],"collection":[{"href":"https:\/\/www.pvzp.cz\/vi\/wp-json\/wp\/v2\/pages"}],"about":[{"href":"https:\/\/www.pvzp.cz\/vi\/wp-json\/wp\/v2\/types\/page"}],"author":[{"embeddable":true,"href":"https:\/\/www.pvzp.cz\/vi\/wp-json\/wp\/v2\/users\/1"}],"replies":[{"embeddable":true,"href":"https:\/\/www.pvzp.cz\/vi\/wp-json\/wp\/v2\/comments?post=4374"}],"version-history":[{"count":2,"href":"https:\/\/www.pvzp.cz\/vi\/wp-json\/wp\/v2\/pages\/4374\/revisions"}],"predecessor-version":[{"id":19473,"href":"https:\/\/www.pvzp.cz\/vi\/wp-json\/wp\/v2\/pages\/4374\/revisions\/19473"}],"wp:featuredmedia":[{"embeddable":true,"href":"https:\/\/www.pvzp.cz\/vi\/wp-json\/wp\/v2\/media\/5479"}],"wp:attachment":[{"href":"https:\/\/www.pvzp.cz\/vi\/wp-json\/wp\/v2\/media?parent=4374"}],"curies":[{"name":"wp","href":"https:\/\/api.w.org\/{rel}","templated":true}]}}